{"id":912,"date":"2024-07-20T00:06:39","date_gmt":"2024-07-20T00:06:39","guid":{"rendered":"https:\/\/socobeachvolleytenerife.com\/?page_id=912"},"modified":"2024-07-20T00:06:53","modified_gmt":"2024-07-20T00:06:53","slug":"mixed-category-2","status":"publish","type":"page","link":"https:\/\/socobeachvolleytenerife.com\/en\/tournament-20-and-21-july-2024\/mixed-category-2\/","title":{"rendered":"Mixed Category"},"content":{"rendered":"<p>[et_pb_section fb_built=\u00bb1&#8243; _builder_version=\u00bb4.25.0&#8243; _module_preset=\u00bbdefault\u00bb background_color=\u00bb#EAF3FB\u00bb custom_padding=\u00bb21px|||||\u00bb global_colors_info=\u00bb{}\u00bb][et_pb_row _builder_version=\u00bb4.25.0&#8243; _module_preset=\u00bbdefault\u00bb global_colors_info=\u00bb{}\u00bb][et_pb_column type=\u00bb4_4&#8243; _builder_version=\u00bb4.25.0&#8243; _module_preset=\u00bbdefault\u00bb global_colors_info=\u00bb{}\u00bb][et_pb_text _builder_version=\u00bb4.25.0&#8243; _module_preset=\u00bbdefault\u00bb global_colors_info=\u00bb{}\u00bb]<\/p>\n<h2 style=\"text-align: center;\"><strong>CATEGOR\u00cdA MIXTA<\/strong><\/h2>\n<p>[\/et_pb_text][et_pb_text _builder_version=\u00bb4.25.0&#8243; _module_preset=\u00bbdefault\u00bb custom_margin=\u00bb||0px|||\u00bb global_colors_info=\u00bb{}\u00bb]<\/p>\n<p style=\"text-align: justify;\"><strong>Seguimiento del torneo:\u00a0 <\/strong>Podr\u00e1s seguir este torneo en esta categor\u00eda (partidos, resultados, clasificaciones, emparejamientos, im\u00e1genes&#8230;) de forma online y en directo, a trav\u00e9s del siguiente enlace: <\/p>\n<p><strong><\/strong><\/p>\n<p>[\/et_pb_text][et_pb_button button_url=\u00bbhttps:\/\/copafacil.com\/-63ym@phss\u00bb url_new_window=\u00bbon\u00bb button_text=\u00bbTORNEO ONLINE\u00bb button_alignment=\u00bbcenter\u00bb _builder_version=\u00bb4.25.2&#8243; _module_preset=\u00bbdefault\u00bb custom_button=\u00bbon\u00bb button_text_size=\u00bb25px\u00bb button_bg_color=\u00bb#ffffff\u00bb hover_enabled=\u00bb0&#8243; global_colors_info=\u00bb{}\u00bb sticky_enabled=\u00bb0&#8243;][\/et_pb_button][et_pb_text _builder_version=\u00bb4.25.2&#8243; _module_preset=\u00bbdefault\u00bb hover_enabled=\u00bb0&#8243; global_colors_info=\u00bb{}\u00bb sticky_enabled=\u00bb0&#8243;]<\/p>\n<h3 style=\"text-align: center;\"><\/h3>\n<h3 style=\"text-align: center;\">Formato del Torneo Categor\u00eda Mixta<\/h3>\n<h4><strong><em>Primera Fase: Grupos<\/em><\/strong><\/h4>\n<ul>\n<li><strong>Equipos Participantes:<\/strong> 32 parejas divididas en 8 grupos de 4 equipos cada uno.<\/li>\n<li><strong>Formato de Competici\u00f3n:<\/strong> Todos contra todos en cada grupo. Cada equipo jugar\u00e1 3 partidos.<\/li>\n<li><strong>Clasificaci\u00f3n Directa a Octavos de Final:<\/strong> Los primeros y segundos lugares de cada grupo (16 equipos).<\/li>\n<\/ul>\n<h3>Clasificaci\u00f3n General (Despu\u00e9s de la Primera Fase)<\/h3>\n<ol>\n<li>Primer Lugar Grupo A<\/li>\n<li>Primer Lugar Grupo B<\/li>\n<li>Primer Lugar Grupo C<\/li>\n<li>Primer Lugar Grupo D<\/li>\n<li>Primer Lugar Grupo E<\/li>\n<li>Primer Lugar Grupo F<\/li>\n<li>Primer Lugar Grupo G<\/li>\n<li>Primer Lugar Grupo H<\/li>\n<li>Segundo Lugar Grupo A<\/li>\n<li>Segundo Lugar Grupo B<\/li>\n<li>Segundo Lugar Grupo C<\/li>\n<li>Segundo Lugar Grupo D<\/li>\n<li>Segundo Lugar Grupo E<\/li>\n<li>Segundo Lugar Grupo F<\/li>\n<li>Segundo Lugar Grupo G<\/li>\n<li>Segundo Lugar Grupo H<\/li>\n<\/ol>\n<h4><em><strong>Octavos de Final<\/strong><\/em><\/h4>\n<ul>\n<li><strong>Equipos Participantes:<\/strong> Todos los equipos clasificados de la fase de grupos.<\/li>\n<li><strong>Formato de Competici\u00f3n:<\/strong> Eliminaci\u00f3n directa.<\/li>\n<\/ul>\n<table>\n<thead>\n<tr>\n<th>Octavos de Final<\/th>\n<\/tr>\n<\/thead>\n<tbody>\n<tr>\n<td>Octavos #1: 1\u00ba Grupo A vs. 2\u00ba Grupo H<\/td>\n<\/tr>\n<tr>\n<td>Octavos #2: 1\u00ba Grupo B vs. 2\u00ba Grupo G<\/td>\n<\/tr>\n<tr>\n<td>Octavos #3: 1\u00ba Grupo C vs. 2\u00ba Grupo F<\/td>\n<\/tr>\n<tr>\n<td>Octavos #4: 1\u00ba Grupo D vs. 2\u00ba Grupo E<\/td>\n<\/tr>\n<tr>\n<td>Octavos #5: 1\u00ba Grupo E vs. 2\u00ba Grupo D<\/td>\n<\/tr>\n<tr>\n<td>Octavos #6: 1\u00ba Grupo F vs. 2\u00ba Grupo C<\/td>\n<\/tr>\n<tr>\n<td>Octavos #7: 1\u00ba Grupo G vs. 2\u00ba Grupo B<\/td>\n<\/tr>\n<tr>\n<td>Octavos #8: 1\u00ba Grupo H vs. 2\u00ba Grupo A<\/td>\n<\/tr>\n<\/tbody>\n<\/table>\n<h4><em><strong>Cuartos de Final<\/strong><\/em><\/h4>\n<ul>\n<li><strong>Equipos Participantes:<\/strong> Los 8 ganadores de los octavos de final.<\/li>\n<li><strong>Formato de Competici\u00f3n:<\/strong> Eliminaci\u00f3n directa.<\/li>\n<\/ul>\n<table>\n<thead>\n<tr>\n<th>Cuartos de Final<\/th>\n<\/tr>\n<\/thead>\n<tbody>\n<tr>\n<td>Cuartos #1: Ganador Octavos #1 vs. Ganador Octavos #2<\/td>\n<\/tr>\n<tr>\n<td>Cuartos #2: Ganador Octavos #3 vs. Ganador Octavos #4<\/td>\n<\/tr>\n<tr>\n<td>Cuartos #3: Ganador Octavos #5 vs. Ganador Octavos #6<\/td>\n<\/tr>\n<tr>\n<td>Cuartos #4: Ganador Octavos #7 vs. Ganador Octavos #8<\/td>\n<\/tr>\n<\/tbody>\n<\/table>\n<h4><em><strong>Semifinales<\/strong><\/em><\/h4>\n<ul>\n<li><strong>Equipos Participantes:<\/strong> Los 4 ganadores de los cuartos de final.<\/li>\n<li><strong>Formato de Competici\u00f3n:<\/strong> Eliminaci\u00f3n directa.<\/li>\n<\/ul>\n<table>\n<thead>\n<tr>\n<th>Semifinales<\/th>\n<\/tr>\n<\/thead>\n<tbody>\n<tr>\n<td>Semifinal #1: Ganador Cuartos #1 vs. Ganador Cuartos #3<\/td>\n<\/tr>\n<tr>\n<td>Semifinal #2: Ganador Cuartos #2 vs. Ganador Cuartos #4<\/td>\n<\/tr>\n<\/tbody>\n<\/table>\n<h4><em><strong>Tercer y Cuarto Puesto<\/strong><\/em><\/h4>\n<ul>\n<li><strong>Equipos Participantes:<\/strong> Los perdedores de las semifinales.<\/li>\n<li><strong>Formato de Competici\u00f3n:<\/strong> Eliminaci\u00f3n directa.<\/li>\n<\/ul>\n<table>\n<thead>\n<tr>\n<th>Tercer y Cuarto Puesto<\/th>\n<\/tr>\n<\/thead>\n<tbody>\n<tr>\n<td>Partido 23: Perdedor Semifinal #1 vs. Perdedor Semifinal #2<\/td>\n<\/tr>\n<\/tbody>\n<\/table>\n<h4><em><strong>Final<\/strong><\/em><\/h4>\n<ul>\n<li><strong>Equipos Participantes:<\/strong> Los 2 ganadores de las semifinales.<\/li>\n<li><strong>Formato de Competici\u00f3n:<\/strong> Eliminaci\u00f3n directa.<\/li>\n<\/ul>\n<table>\n<thead>\n<tr>\n<th>Final<\/th>\n<\/tr>\n<\/thead>\n<tbody>\n<tr>\n<td>Partido 24: Ganador Semifinal #1 vs. Ganador Semifinal #2<\/td>\n<\/tr>\n<\/tbody>\n<\/table>\n<h3>Consideraciones Generales<\/h3>\n<ul>\n<li>Todos los partidos se jugar\u00e1n a un set de 21 puntos con una diferencia de 2 puntos para ganar. Es decir, el marcador puede ser 27-25, 30-28, etc.<\/li>\n<li>Todos los partidos se jugar\u00e1n bajo las reglas oficiales de v\u00f3ley playa.<\/li>\n<li>En caso de empate en la fase de grupos, se utilizar\u00e1n los siguientes criterios de desempate:\n<ol>\n<li>Diferencia de sets.<\/li>\n<li>Diferencia de puntos.<\/li>\n<li>Resultado del enfrentamiento directo.<\/li>\n<\/ol>\n<\/li>\n<li>Los horarios de los partidos se establecer\u00e1n antes del inicio del torneo y deber\u00e1n respetarse para asegurar el correcto desarrollo del mismo.<\/li>\n<\/ul>\n<p>&nbsp;<\/p>\n<p>[\/et_pb_text][\/et_pb_column][\/et_pb_row][\/et_pb_section]<\/p>\n","protected":false},"excerpt":{"rendered":"<p>CATEGOR\u00cdA MIXTASeguimiento del torneo:\u00a0 Podr\u00e1s seguir este torneo en esta categor\u00eda (partidos, resultados, clasificaciones, emparejamientos, im\u00e1genes&#8230;) de forma online y en directo, a trav\u00e9s del siguiente enlace: Formato del Torneo Categor\u00eda Mixta Primera Fase: Grupos Equipos Participantes: 32 parejas divididas en 8 grupos de 4 equipos cada uno. Formato de Competici\u00f3n: Todos contra todos en [&hellip;]<\/p>\n","protected":false},"author":1,"featured_media":0,"parent":835,"menu_order":0,"comment_status":"closed","ping_status":"closed","template":"","meta":{"_et_pb_use_builder":"on","_et_pb_old_content":"","_et_gb_content_width":"","footnotes":""},"difl_page_category":[],"class_list":["post-912","page","type-page","status-publish","hentry"],"_links":{"self":[{"href":"https:\/\/socobeachvolleytenerife.com\/en\/wp-json\/wp\/v2\/pages\/912","targetHints":{"allow":["GET"]}}],"collection":[{"href":"https:\/\/socobeachvolleytenerife.com\/en\/wp-json\/wp\/v2\/pages"}],"about":[{"href":"https:\/\/socobeachvolleytenerife.com\/en\/wp-json\/wp\/v2\/types\/page"}],"author":[{"embeddable":true,"href":"https:\/\/socobeachvolleytenerife.com\/en\/wp-json\/wp\/v2\/users\/1"}],"replies":[{"embeddable":true,"href":"https:\/\/socobeachvolleytenerife.com\/en\/wp-json\/wp\/v2\/comments?post=912"}],"version-history":[{"count":2,"href":"https:\/\/socobeachvolleytenerife.com\/en\/wp-json\/wp\/v2\/pages\/912\/revisions"}],"predecessor-version":[{"id":915,"href":"https:\/\/socobeachvolleytenerife.com\/en\/wp-json\/wp\/v2\/pages\/912\/revisions\/915"}],"up":[{"embeddable":true,"href":"https:\/\/socobeachvolleytenerife.com\/en\/wp-json\/wp\/v2\/pages\/835"}],"wp:attachment":[{"href":"https:\/\/socobeachvolleytenerife.com\/en\/wp-json\/wp\/v2\/media?parent=912"}],"wp:term":[{"taxonomy":"difl_page_category","embeddable":true,"href":"https:\/\/socobeachvolleytenerife.com\/en\/wp-json\/wp\/v2\/difl_page_category?post=912"}],"curies":[{"name":"wp","href":"https:\/\/api.w.org\/{rel}","templated":true}]}}