{"id":899,"date":"2024-07-19T21:44:31","date_gmt":"2024-07-19T21:44:31","guid":{"rendered":"https:\/\/socobeachvolleytenerife.com\/?page_id=899"},"modified":"2024-07-19T21:44:32","modified_gmt":"2024-07-19T21:44:32","slug":"male-category-2","status":"publish","type":"page","link":"https:\/\/socobeachvolleytenerife.com\/en\/tournament-20-and-21-july-2024\/male-category-2\/","title":{"rendered":"Men's Category"},"content":{"rendered":"<p>[et_pb_section fb_built=\u00bb1&#8243; _builder_version=\u00bb4.25.0&#8243; _module_preset=\u00bbdefault\u00bb background_color=\u00bb#EAF3FB\u00bb custom_padding=\u00bb21px|||||\u00bb global_colors_info=\u00bb{}\u00bb][et_pb_row _builder_version=\u00bb4.25.0&#8243; _module_preset=\u00bbdefault\u00bb global_colors_info=\u00bb{}\u00bb][et_pb_column type=\u00bb4_4&#8243; _builder_version=\u00bb4.25.0&#8243; _module_preset=\u00bbdefault\u00bb global_colors_info=\u00bb{}\u00bb][et_pb_text _builder_version=\u00bb4.25.0&#8243; _module_preset=\u00bbdefault\u00bb global_colors_info=\u00bb{}\u00bb]<\/p>\n<h2 style=\"text-align: center;\"><strong>CATEGOR\u00cdA MASCULINA<\/strong><\/h2>\n<p>[\/et_pb_text][et_pb_text _builder_version=\u00bb4.25.0&#8243; _module_preset=\u00bbdefault\u00bb custom_margin=\u00bb||0px|||\u00bb global_colors_info=\u00bb{}\u00bb]<\/p>\n<p style=\"text-align: justify;\"><strong>Seguimiento del torneo:\u00a0 <\/strong>Podr\u00e1s seguir este torneo en esta categor\u00eda (partidos, resultados, clasificaciones, emparejamientos, im\u00e1genes&#8230;) de forma online y en directo, a trav\u00e9s del siguiente enlace:<\/p>\n<p>&nbsp;[\/et_pb_text][et_pb_button button_url=\u00bbhttps:\/\/copafacil.com\/-63ym@xngr\u00bb url_new_window=\u00bbon\u00bb button_text=\u00bbTORNEO ONLINE\u00bb button_alignment=\u00bbcenter\u00bb _builder_version=\u00bb4.25.2&#8243; _module_preset=\u00bbdefault\u00bb custom_button=\u00bbon\u00bb button_text_size=\u00bb25px\u00bb button_bg_color=\u00bb#ffffff\u00bb hover_enabled=\u00bb0&#8243; global_colors_info=\u00bb{}\u00bb sticky_enabled=\u00bb0&#8243;][\/et_pb_button][et_pb_text _builder_version=\u00bb4.25.0&#8243; _module_preset=\u00bbdefault\u00bb global_colors_info=\u00bb{}\u00bb]<\/p>\n<h3 style=\"text-align: center;\">Formato del Torneo Categor\u00eda Masculina<\/h3>\n<p style=\"text-align: justify;\"><strong><em>Primera Fase: Grupos<\/em><\/strong><\/p>\n<p style=\"text-align: justify;\">Equipos Participantes: 16 parejas divididas en 4 grupos de 4 equipos cada uno.<br \/>Formato de Competici\u00f3n: Todos contra todos en cada grupo. Cada equipo jugar\u00e1 3 partidos.<br \/>Clasificaci\u00f3n a Octavos de Final: Todos los equipos pasan a los octavos de final.<\/p>\n<p style=\"text-align: justify;\"><em><strong>Octavos de final<\/strong><\/em><br \/>Equipos Participantes: Todos los equipos clasificados de la fase de grupos.<br \/>Formato de Competici\u00f3n: Eliminaci\u00f3n directa.<br \/>Octavos de Final<br \/>Octavos #1: 1\u00ba Grupo A vs. 4\u00ba Grupo B<br \/>Octavos #2: 2\u00ba Grupo C vs. 3\u00ba Grupo D<br \/>Octavos #3: 4\u00ba Grupo A vs. 1\u00ba Grupo B<br \/>Octavos #4: 1\u00ba Grupo C vs. 4\u00ba Grupo D<br \/>Octavos #5: 3\u00ba Grupo A vs. 2\u00ba Grupo B<br \/>Octavos #6: 4\u00ba Grupo C vs. 1\u00ba Grupo D<br \/>Octavos #7: 2\u00ba Grupo A vs. 3\u00ba Grupo B<br \/>Octavos #8: 3\u00ba Grupo C vs. 2\u00ba Grupo D<\/p>\n<p style=\"text-align: justify;\"><em><strong>Cuartos de Final<\/strong><\/em><br \/>Equipos Participantes: Los 8 ganadores de los octavos de final.<br \/>Formato de Competici\u00f3n: Eliminaci\u00f3n directa.<br \/>Cuartos de Final<br \/>Cuartos #1: Ganador Octavos #1 vs. Ganador Octavos #2<br \/>Cuartos #2: Ganador Octavos #3 vs. Ganador Octavos #4<br \/>Cuartos #3: Ganador Octavos #5 vs. Ganador Octavos #6<br \/>Cuartos #4: Ganador Octavos #7 vs. Ganador Octavos #8<\/p>\n<p style=\"text-align: justify;\"><em><strong>Semifinales<\/strong><\/em><br \/>Equipos Participantes: Los 4 ganadores de los cuartos de final.<br \/>Formato de Competici\u00f3n: Eliminaci\u00f3n directa.<br \/>Semifinales<br \/>Semifinal #1: Ganador Cuartos #1 vs. Ganador Cuartos #2<br \/>Semifinal #2: Ganador Cuartos #3 vs. Ganador Cuartos #4<\/p>\n<p style=\"text-align: justify;\"><em><strong>Tercer y Cuarto Puesto<\/strong><\/em><br \/>Equipos Participantes: Los perdedores de las semifinales.<br \/>Formato de Competici\u00f3n: Eliminaci\u00f3n directa.<br \/>Tercer y Cuarto Puesto<br \/>Partido 17: Perdedor Semifinal #1 vs. Perdedor Semifinal #2<\/p>\n<p style=\"text-align: justify;\"><em><strong>Final<\/strong><\/em><br \/>Equipos Participantes: Los 2 ganadores de las semifinales.<br \/>Formato de Competici\u00f3n: Eliminaci\u00f3n directa.<br \/>Final<br \/>Partido 18: Ganador Semifinal #1 vs. Ganador Semifinal #2<\/p>\n<p style=\"text-align: justify;\"><em><strong>Consideraciones Generales<\/strong><\/em><br \/>Todos los partidos se jugar\u00e1n a un set de 21 puntos con una diferencia de 2 puntos para ganar. Es decir, el marcador puede<br \/>ser 27-25, 30-28, etc.<br \/>Todos los partidos se jugar\u00e1n bajo las reglas oficiales de v\u00f3ley playa.<br \/>En caso de empate en la fase de grupos, se utilizar\u00e1n los siguientes criterios de desempate:<br \/>Diferencia de sets.<br \/>Diferencia de puntos.<br \/>Resultado del enfrentamiento directo.<\/p>\n<p style=\"text-align: justify;\">Los horarios de los partidos se establecer\u00e1n antes del inicio del torneo y deber\u00e1n respetarse para asegurar el correcto<br \/>desarrollo del mismo.<\/p>\n<p>[\/et_pb_text][\/et_pb_column][\/et_pb_row][\/et_pb_section]<\/p>\n","protected":false},"excerpt":{"rendered":"<p>CATEGOR\u00cdA MASCULINASeguimiento del torneo:\u00a0 Podr\u00e1s seguir este torneo en esta categor\u00eda (partidos, resultados, clasificaciones, emparejamientos, im\u00e1genes&#8230;) de forma online y en directo, a trav\u00e9s del siguiente enlace: &nbsp;Formato del Torneo Categor\u00eda Masculina Primera Fase: Grupos Equipos Participantes: 16 parejas divididas en 4 grupos de 4 equipos cada uno.Formato de Competici\u00f3n: Todos contra todos en cada [&hellip;]<\/p>\n","protected":false},"author":1,"featured_media":0,"parent":835,"menu_order":0,"comment_status":"closed","ping_status":"closed","template":"","meta":{"_et_pb_use_builder":"on","_et_pb_old_content":"","_et_gb_content_width":"","footnotes":""},"difl_page_category":[],"class_list":["post-899","page","type-page","status-publish","hentry"],"_links":{"self":[{"href":"https:\/\/socobeachvolleytenerife.com\/en\/wp-json\/wp\/v2\/pages\/899","targetHints":{"allow":["GET"]}}],"collection":[{"href":"https:\/\/socobeachvolleytenerife.com\/en\/wp-json\/wp\/v2\/pages"}],"about":[{"href":"https:\/\/socobeachvolleytenerife.com\/en\/wp-json\/wp\/v2\/types\/page"}],"author":[{"embeddable":true,"href":"https:\/\/socobeachvolleytenerife.com\/en\/wp-json\/wp\/v2\/users\/1"}],"replies":[{"embeddable":true,"href":"https:\/\/socobeachvolleytenerife.com\/en\/wp-json\/wp\/v2\/comments?post=899"}],"version-history":[{"count":2,"href":"https:\/\/socobeachvolleytenerife.com\/en\/wp-json\/wp\/v2\/pages\/899\/revisions"}],"predecessor-version":[{"id":902,"href":"https:\/\/socobeachvolleytenerife.com\/en\/wp-json\/wp\/v2\/pages\/899\/revisions\/902"}],"up":[{"embeddable":true,"href":"https:\/\/socobeachvolleytenerife.com\/en\/wp-json\/wp\/v2\/pages\/835"}],"wp:attachment":[{"href":"https:\/\/socobeachvolleytenerife.com\/en\/wp-json\/wp\/v2\/media?parent=899"}],"wp:term":[{"taxonomy":"difl_page_category","embeddable":true,"href":"https:\/\/socobeachvolleytenerife.com\/en\/wp-json\/wp\/v2\/difl_page_category?post=899"}],"curies":[{"name":"wp","href":"https:\/\/api.w.org\/{rel}","templated":true}]}}