{"id":835,"date":"2024-07-03T15:42:06","date_gmt":"2024-07-03T15:42:06","guid":{"rendered":"https:\/\/socobeachvolleytenerife.com\/?page_id=835"},"modified":"2024-07-20T00:25:32","modified_gmt":"2024-07-20T00:25:32","slug":"tournament-20-and-21-july-2024","status":"publish","type":"page","link":"https:\/\/socobeachvolleytenerife.com\/en\/tournament-20-and-21-july-2024\/","title":{"rendered":"Tournament 20 and 21 July 2024"},"content":{"rendered":"<p>[et_pb_section fb_built=\u00bb1&#8243; _builder_version=\u00bb4.25.2&#8243; _module_preset=\u00bbdefault\u00bb background_color=\u00bb#EAF3FB\u00bb custom_padding=\u00bb19px||20px|||\u00bb global_colors_info=\u00bb{}\u00bb][et_pb_row column_structure=\u00bb1_5,3_5,1_5&#8243; _builder_version=\u00bb4.25.2&#8243; _module_preset=\u00bbdefault\u00bb global_colors_info=\u00bb{}\u00bb][et_pb_column type=\u00bb1_5&#8243; _builder_version=\u00bb4.25.2&#8243; _module_preset=\u00bbdefault\u00bb global_colors_info=\u00bb{}\u00bb][\/et_pb_column][et_pb_column type=\u00bb3_5&#8243; _builder_version=\u00bb4.25.2&#8243; _module_preset=\u00bbdefault\u00bb global_colors_info=\u00bb{}\u00bb][et_pb_text _builder_version=\u00bb4.25.2&#8243; _module_preset=\u00bbdefault\u00bb global_colors_info=\u00bb{}\u00bb]<\/p>\n<h3 style=\"text-align: justify;\">TODOS LOS DATOS DE CADA UNA DE LAS CATEGOR\u00cdAS, AS\u00cd COMO POSIBILIDAD DE ACCEDER AL TORNEO ONLINE (RESULTADOS, CLASIFICACIONES, ETC) EN LOS SIGUIENTES ENLACES:<\/h3>\n<p>[\/et_pb_text][\/et_pb_column][et_pb_column type=\u00bb1_5&#8243; _builder_version=\u00bb4.25.2&#8243; _module_preset=\u00bbdefault\u00bb global_colors_info=\u00bb{}\u00bb][\/et_pb_column][\/et_pb_row][et_pb_row column_structure=\u00bb1_5,1_5,1_5,1_5,1_5&#8243; _builder_version=\u00bb4.25.2&#8243; _module_preset=\u00bbdefault\u00bb custom_margin=\u00bb-27px|auto||auto||\u00bb global_colors_info=\u00bb{}\u00bb][et_pb_column type=\u00bb1_5&#8243; _builder_version=\u00bb4.25.2&#8243; _module_preset=\u00bbdefault\u00bb global_colors_info=\u00bb{}\u00bb][\/et_pb_column][et_pb_column type=\u00bb1_5&#8243; _builder_version=\u00bb4.25.2&#8243; _module_preset=\u00bbdefault\u00bb global_colors_info=\u00bb{}\u00bb][et_pb_button button_url=\u00bbhttps:\/\/socobeachvolleytenerife.com\/torneo-20-y-21-de-julio-2024\/categoria-femenina\/\u00bb button_text=\u00bbFEMENINO\u00bb button_alignment=\u00bbcenter\u00bb _builder_version=\u00bb4.25.2&#8243; _module_preset=\u00bbdefault\u00bb global_colors_info=\u00bb{}\u00bb][\/et_pb_button][\/et_pb_column][et_pb_column type=\u00bb1_5&#8243; _builder_version=\u00bb4.25.2&#8243; _module_preset=\u00bbdefault\u00bb global_colors_info=\u00bb{}\u00bb][et_pb_button button_url=\u00bbhttps:\/\/socobeachvolleytenerife.com\/torneo-20-y-21-de-julio-2024\/categoria-masculina\/\u00bb button_text=\u00bbMASCULINO\u00bb button_alignment=\u00bbcenter\u00bb _builder_version=\u00bb4.25.2&#8243; _module_preset=\u00bbdefault\u00bb global_colors_info=\u00bb{}\u00bb][\/et_pb_button][\/et_pb_column][et_pb_column type=\u00bb1_5&#8243; _builder_version=\u00bb4.25.2&#8243; _module_preset=\u00bbdefault\u00bb global_colors_info=\u00bb{}\u00bb][et_pb_button button_url=\u00bbhttps:\/\/socobeachvolleytenerife.com\/torneo-20-y-21-de-julio-2024\/categoria-mixta\/\u00bb button_text=\u00bbMIXTO\u00bb button_alignment=\u00bbcenter\u00bb _builder_version=\u00bb4.25.2&#8243; _module_preset=\u00bbdefault\u00bb global_colors_info=\u00bb{}\u00bb][\/et_pb_button][\/et_pb_column][et_pb_column type=\u00bb1_5&#8243; _builder_version=\u00bb4.25.2&#8243; _module_preset=\u00bbdefault\u00bb global_colors_info=\u00bb{}\u00bb][\/et_pb_column][\/et_pb_row][\/et_pb_section][et_pb_section fb_built=\u00bb1&#8243; admin_label=\u00bbsection\u00bb _builder_version=\u00bb4.25.2&#8243; background_image=\u00bbhttps:\/\/socobeachvolleytenerife.com\/wp-content\/uploads\/2024\/07\/Soco-League-Final-114.jpg\u00bb parallax=\u00bbon\u00bb animation_style=\u00bbfade\u00bb global_colors_info=\u00bb{}\u00bb][et_pb_row admin_label=\u00bbrow\u00bb _builder_version=\u00bb4.16&#8243; background_size=\u00bbinitial\u00bb background_position=\u00bbtop_left\u00bb background_repeat=\u00bbrepeat\u00bb global_colors_info=\u00bb{}\u00bb][et_pb_column type=\u00bb4_4&#8243; _builder_version=\u00bb4.16&#8243; custom_padding=\u00bb|||\u00bb global_colors_info=\u00bb{}\u00bb custom_padding__hover=\u00bb|||\u00bb][et_pb_image src=\u00bbhttps:\/\/socobeachvolleytenerife.com\/wp-content\/uploads\/2024\/07\/Cartel-torneo-julio-Soco.jpg\u00bb title_text=\u00bbCartel-torneo-julio-Soco\u00bb _builder_version=\u00bb4.25.2&#8243; _module_preset=\u00bbdefault\u00bb background_enable_mask_style=\u00bbon\u00bb background_mask_color=\u00bbRGBA(255,255,255,0)\u00bb width=\u00bb100%\u00bb max_width=\u00bb59%\u00bb max_width_tablet=\u00bb59%\u00bb max_width_phone=\u00bb100%\u00bb max_width_last_edited=\u00bbon|desktop\u00bb module_alignment=\u00bbcenter\u00bb global_colors_info=\u00bb{}\u00bb][\/et_pb_image][\/et_pb_column][\/et_pb_row][\/et_pb_section][et_pb_section fb_built=\u00bb1&#8243; _builder_version=\u00bb4.25.2&#8243; _module_preset=\u00bbdefault\u00bb custom_padding=\u00bb5px|||||\u00bb global_colors_info=\u00bb{}\u00bb][et_pb_row _builder_version=\u00bb4.25.2&#8243; _module_preset=\u00bbdefault\u00bb custom_padding=\u00bb33px|||||\u00bb global_colors_info=\u00bb{}\u00bb][et_pb_column type=\u00bb4_4&#8243; _builder_version=\u00bb4.25.2&#8243; _module_preset=\u00bbdefault\u00bb global_colors_info=\u00bb{}\u00bb][et_pb_image src=\u00bbhttps:\/\/socobeachvolleytenerife.com\/wp-content\/uploads\/2024\/07\/TORNEO-20-21-JULIO-MASC-FEM.png\u00bb title_text=\u00bbTORNEO-20-21-JULIO-MASC-FEM\u00bb url=\u00bbhttps:\/\/socobeachvolleytenerife.com\/wp-content\/uploads\/2024\/07\/TORNEO-20-21-JULIO-MASC-FEM.png\u00bb url_new_window=\u00bbon\u00bb align=\u00bbcenter\u00bb _builder_version=\u00bb4.25.2&#8243; _module_preset=\u00bbdefault\u00bb global_colors_info=\u00bb{}\u00bb][\/et_pb_image][et_pb_image src=\u00bbhttps:\/\/socobeachvolleytenerife.com\/wp-content\/uploads\/2024\/07\/TORNEO-20-21-JULIO-MIXTOS-1.png\u00bb title_text=\u00bbTORNEO-20-21-JULIO-MIXTOS-1&#8243; url=\u00bbhttps:\/\/socobeachvolleytenerife.com\/wp-content\/uploads\/2024\/07\/TORNEO-20-21-JULIO-MIXTOS-1.png\u00bb _builder_version=\u00bb4.25.2&#8243; _module_preset=\u00bbdefault\u00bb global_colors_info=\u00bb{}\u00bb][\/et_pb_image][\/et_pb_column][\/et_pb_row][\/et_pb_section][et_pb_section fb_built=\u00bb1&#8243; _builder_version=\u00bb4.25.0&#8243; _module_preset=\u00bbdefault\u00bb background_color=\u00bb#EAF3FB\u00bb background_enable_image=\u00bboff\u00bb custom_margin=\u00bb-45px||||false|false\u00bb background_last_edited=\u00bbon|phone\u00bb parallax_phone=\u00bbon\u00bb parallax_method_phone=\u00bbon\u00bb background_blend_phone=\u00bbnormal\u00bb global_colors_info=\u00bb{}\u00bb][et_pb_row _builder_version=\u00bb4.25.0&#8243; _module_preset=\u00bbdefault\u00bb background_color=\u00bbRGBA(255,255,255,0)\u00bb global_colors_info=\u00bb{}\u00bb][et_pb_column type=\u00bb4_4&#8243; _builder_version=\u00bb4.25.0&#8243; _module_preset=\u00bbdefault\u00bb global_colors_info=\u00bb{}\u00bb][et_pb_text _builder_version=\u00bb4.25.0&#8243; _module_preset=\u00bbdefault\u00bb global_colors_info=\u00bb{}\u00bb]<\/p>\n<p><span style=\"color: #000000;\"><strong>LUGAR :<\/strong> Playa del Jard\u00edn (Puerto de la Cruz)<\/span><\/p>\n<p><span style=\"color: #000000;\"><strong>FECHA :<\/strong> 20 y 21 julio de 2024<\/span><\/p>\n<p><span style=\"color: #000000;\"><strong>MODALIDAD DE JUEGO :<\/strong> 2&#215;2\u00a0grupos<\/span><\/p>\n<p><span style=\"color: #000000;\"><strong>CATEGOR\u00cdAS :<\/strong> s\u00e1bado 20 de julio femenino y masculino y domingo 21 de julio mixto.<\/span><\/p>\n<p><span style=\"color: #000000;\"><strong>PRECIO :<\/strong> 15\u20ac por jugador y categor\u00eda.<\/span><br \/><span style=\"color: #000000;\"> Miembros Soco: 12\u20ac por jugador y categor\u00eda.<br \/><\/span><\/p>\n<p><strong><span style=\"color: #000000;\">AGUA Y FRUTA DURANTE TODO EL TORNEO.<\/span><\/strong><\/p>\n<p><strong><span style=\"color: #000000;\">SORTEO DE BALONES MIKASA.<\/span><\/strong><\/p>\n<p><span style=\"color: #000000;\">LAS INSCRIPCIONES ESTAR\u00c1N ABIERTAS DESDE <strong>MI\u00c9RCOLES 3<\/strong>\u00a0 HASTA <strong>EL LUNES 15 A LAS 20 HORAS.<\/strong><\/span><\/p>\n<p><span style=\"color: #000000;\">LOS GRUPOS Y HORARIOS SE PUBLICAR\u00c1N EL <strong>MI\u00c9RCOLES 18<\/strong> EN NUESTRA WEB, REDES SOCIALES<\/span><br \/><span style=\"color: #000000;\"> DE FACEBOOK E INSTAGRAM.<\/span><\/p>\n<p><span style=\"color: #000000;\"> AL REALIZAR LA INSCRIPCI\u00d3N ESTAR\u00c1 DANDO SU CONSENTIMIENTO, PARA EMITIR FOTOS Y VIDEOS DE SU PERSONA EN NUESTRAS REDES SOCIALES.<\/span><\/p>\n<p><strong><span style=\"color: #000000;\">SISTEMA DE COMPETICI\u00d3N:<\/span><\/strong><\/p>\n<p><span style=\"color: #000000;\">TURNO DE MA\u00d1ANA : FASE DE GRUPOS.<\/span><\/p>\n<p><span style=\"color: #000000;\">TURNO DE TARDE : 1\/8, 1\/4, SEMIFINALES Y FINAL.<\/span><\/p>\n<p><span style=\"color: #000000;\">LOS PARTIDOS SE DISPUTAR\u00c1N A 1 SET DE 21 PUNTOS.<\/span><\/p>\n<p><span style=\"color: #000000;\">LA ORGANIZACI\u00d3N SOLO DEVOLVER\u00c1 EL COSTE DE LA INSCRIPCI\u00d3N EN CASO DE QUE EL TORNEO NO LLEGUE A DISPUTARSE.<\/span><\/p>\n<p><span style=\"color: #000000;\">MAS INFORMACI\u00d3N EN EL CORREO <strong>info@socobeachvolleytenerife.com<\/strong> O EN EL TEL\u00c9FONO <strong>682 53 96 53.<\/strong><\/span><\/p>\n<p>[\/et_pb_text][\/et_pb_column][\/et_pb_row][\/et_pb_section][et_pb_section fb_built=\u00bb1&#8243; _builder_version=\u00bb4.25.0&#8243; _module_preset=\u00bbdefault\u00bb global_colors_info=\u00bb{}\u00bb][et_pb_row _builder_version=\u00bb4.25.0&#8243; _module_preset=\u00bbdefault\u00bb global_colors_info=\u00bb{}\u00bb][et_pb_column type=\u00bb4_4&#8243; _builder_version=\u00bb4.25.0&#8243; _module_preset=\u00bbdefault\u00bb global_colors_info=\u00bb{}\u00bb][et_pb_image src=\u00bbhttps:\/\/socobeachvolleytenerife.com\/wp-content\/uploads\/2024\/05\/colaboradores-soco-5.png\u00bb title_text=\u00bbcolaboradores-soco-5&#8243; _builder_version=\u00bb4.25.0&#8243; _module_preset=\u00bbdefault\u00bb global_colors_info=\u00bb{}\u00bb][\/et_pb_image][\/et_pb_column][\/et_pb_row][\/et_pb_section][et_pb_section fb_built=\u00bb1&#8243; _builder_version=\u00bb4.25.2&#8243; _module_preset=\u00bbdefault\u00bb custom_padding=\u00bb0px||1px|||\u00bb global_colors_info=\u00bb{}\u00bb][et_pb_row _builder_version=\u00bb4.25.2&#8243; _module_preset=\u00bbdefault\u00bb global_colors_info=\u00bb{}\u00bb][et_pb_column type=\u00bb4_4&#8243; _builder_version=\u00bb4.25.2&#8243; _module_preset=\u00bbdefault\u00bb global_colors_info=\u00bb{}\u00bb][et_pb_text _builder_version=\u00bb4.25.2&#8243; _module_preset=\u00bbdefault\u00bb global_colors_info=\u00bb{}\u00bb]<\/p>\n<h1 style=\"text-align: center;\">PLAZAS DEL TORNEO COMPLETAS AL:<\/h1>\n<p>[\/et_pb_text][\/et_pb_column][\/et_pb_row][et_pb_row column_structure=\u00bb1_3,1_3,1_3&#8243; _builder_version=\u00bb4.25.2&#8243; _module_preset=\u00bbdefault\u00bb min_height=\u00bb117px\u00bb global_colors_info=\u00bb{}\u00bb][et_pb_column type=\u00bb1_3&#8243; _builder_version=\u00bb4.25.2&#8243; _module_preset=\u00bbdefault\u00bb global_colors_info=\u00bb{}\u00bb][et_pb_number_counter title=\u00bbFEMENINO\u00bb number=\u00bb100&#8243; _builder_version=\u00bb4.25.2&#8243; _module_preset=\u00bbdefault\u00bb text_shadow_style=\u00bbpreset1&#8243; global_colors_info=\u00bb{}\u00bb][\/et_pb_number_counter][\/et_pb_column][et_pb_column type=\u00bb1_3&#8243; _builder_version=\u00bb4.25.2&#8243; _module_preset=\u00bbdefault\u00bb global_colors_info=\u00bb{}\u00bb][et_pb_number_counter title=\u00bbMASCULINO\u00bb number=\u00bb100&#8243; _builder_version=\u00bb4.25.2&#8243; _module_preset=\u00bbdefault\u00bb text_shadow_style=\u00bbpreset1&#8243; global_colors_info=\u00bb{}\u00bb][\/et_pb_number_counter][\/et_pb_column][et_pb_column type=\u00bb1_3&#8243; _builder_version=\u00bb4.25.2&#8243; _module_preset=\u00bbdefault\u00bb global_colors_info=\u00bb{}\u00bb][et_pb_number_counter title=\u00bbMIXTO\u00bb number=\u00bb100&#8243; _builder_version=\u00bb4.25.2&#8243; _module_preset=\u00bbdefault\u00bb text_shadow_style=\u00bbpreset1&#8243; global_colors_info=\u00bb{}\u00bb][\/et_pb_number_counter][\/et_pb_column][\/et_pb_row][\/et_pb_section][et_pb_section fb_built=\u00bb1&#8243; _builder_version=\u00bb4.25.0&#8243; _module_preset=\u00bbdefault\u00bb background_color=\u00bb#EAF3FB\u00bb global_colors_info=\u00bb{}\u00bb][et_pb_row _builder_version=\u00bb4.25.0&#8243; _module_preset=\u00bbdefault\u00bb global_colors_info=\u00bb{}\u00bb][et_pb_column type=\u00bb4_4&#8243; _builder_version=\u00bb4.25.0&#8243; _module_preset=\u00bbdefault\u00bb global_colors_info=\u00bb{}\u00bb][et_pb_button button_text=\u00bbINSCRIPCIONES CERRADAS\u00bb button_alignment=\u00bbcenter\u00bb disabled_on=\u00bbon|on|on\u00bb admin_label=\u00bbBot\u00f3n\u00bb _builder_version=\u00bb4.25.2&#8243; _module_preset=\u00bbdefault\u00bb custom_button=\u00bbon\u00bb button_text_size=\u00bb24px\u00bb custom_margin=\u00bb-26px||||false|false\u00bb button_text_shadow_style=\u00bbpreset1&#8243; disabled=\u00bbon\u00bb global_colors_info=\u00bb{}\u00bb][\/et_pb_button][et_pb_text disabled_on=\u00bbon|on|on\u00bb _builder_version=\u00bb4.25.2&#8243; _module_preset=\u00bbdefault\u00bb disabled=\u00bbon\u00bb global_colors_info=\u00bb{}\u00bb]<\/p>\n<p style=\"text-align: center;\"><strong>ATENCI\u00d3N<\/strong><\/p>\n<p style=\"text-align: center;\"><strong><\/strong><\/p>\n<p style=\"text-align: justify;\"><span style=\"color: #000000;\">Al inscribirte, estar\u00e1s haciendo la inscripci\u00f3n solo para ti, a pesar de que se te pedir\u00e1 el nombre o nombres de tu pareja para la categor\u00eda o categor\u00edas en las que te vayas a inscribir. As\u00ed que recu\u00e9rdale a tu pareja o parejas que completen tambi\u00e9n su inscripci\u00f3n.<\/span><\/p>\n<p style=\"text-align: justify;\">\n<p style=\"text-align: justify;\"><span style=\"color: #000000;\">Si quer\u00e9is participar en la categor\u00eda mixta, pueden realizar la inscripci\u00f3n, pero entrar\u00e1n en lista de reserva, a la espera de confirmar las parejas ya inscritas. Se les devolver\u00e1 el importe de la inscripci\u00f3n si finalmente no entraran en la lista final del torneo.<br \/><\/span><\/p>\n<p>[\/et_pb_text][\/et_pb_column][\/et_pb_row][et_pb_row column_structure=\u00bb1_4,1_2,1_4&#8243; _builder_version=\u00bb4.25.0&#8243; _module_preset=\u00bbdefault\u00bb global_colors_info=\u00bb{}\u00bb][et_pb_column type=\u00bb1_4&#8243; _builder_version=\u00bb4.25.0&#8243; _module_preset=\u00bbdefault\u00bb global_colors_info=\u00bb{}\u00bb][\/et_pb_column][et_pb_column type=\u00bb1_2&#8243; _builder_version=\u00bb4.25.0&#8243; _module_preset=\u00bbdefault\u00bb global_colors_info=\u00bb{}\u00bb][et_pb_code disabled_on=\u00bbon|on|on\u00bb _builder_version=\u00bb4.25.2&#8243; _module_preset=\u00bbdefault\u00bb disabled=\u00bbon\u00bb global_colors_info=\u00bb{}\u00bb]<p>Sorry, \"Torneo 20 y 21 de julio\" is not available for purchase.<\/p>\n[\/et_pb_code][\/et_pb_column][et_pb_column type=\u00bb1_4&#8243; _builder_version=\u00bb4.25.0&#8243; _module_preset=\u00bbdefault\u00bb global_colors_info=\u00bb{}\u00bb][\/et_pb_column][\/et_pb_row][\/et_pb_section]<\/p>\n","protected":false},"excerpt":{"rendered":"<p>TODOS LOS DATOS DE CADA UNA DE LAS CATEGOR\u00cdAS, AS\u00cd COMO POSIBILIDAD DE ACCEDER AL TORNEO ONLINE (RESULTADOS, CLASIFICACIONES, ETC) EN LOS SIGUIENTES ENLACES:LUGAR : Playa del Jard\u00edn (Puerto de la Cruz) FECHA : 20 y 21 julio de 2024 MODALIDAD DE JUEGO : 2&#215;2\u00a0grupos CATEGOR\u00cdAS : s\u00e1bado 20 de julio femenino y masculino y [&hellip;]<\/p>\n","protected":false},"author":1,"featured_media":846,"parent":0,"menu_order":0,"comment_status":"closed","ping_status":"closed","template":"","meta":{"_et_pb_use_builder":"on","_et_pb_old_content":"","_et_gb_content_width":"","footnotes":""},"difl_page_category":[],"class_list":["post-835","page","type-page","status-publish","has-post-thumbnail","hentry"],"_links":{"self":[{"href":"https:\/\/socobeachvolleytenerife.com\/en\/wp-json\/wp\/v2\/pages\/835","targetHints":{"allow":["GET"]}}],"collection":[{"href":"https:\/\/socobeachvolleytenerife.com\/en\/wp-json\/wp\/v2\/pages"}],"about":[{"href":"https:\/\/socobeachvolleytenerife.com\/en\/wp-json\/wp\/v2\/types\/page"}],"author":[{"embeddable":true,"href":"https:\/\/socobeachvolleytenerife.com\/en\/wp-json\/wp\/v2\/users\/1"}],"replies":[{"embeddable":true,"href":"https:\/\/socobeachvolleytenerife.com\/en\/wp-json\/wp\/v2\/comments?post=835"}],"version-history":[{"count":25,"href":"https:\/\/socobeachvolleytenerife.com\/en\/wp-json\/wp\/v2\/pages\/835\/revisions"}],"predecessor-version":[{"id":919,"href":"https:\/\/socobeachvolleytenerife.com\/en\/wp-json\/wp\/v2\/pages\/835\/revisions\/919"}],"wp:featuredmedia":[{"embeddable":true,"href":"https:\/\/socobeachvolleytenerife.com\/en\/wp-json\/wp\/v2\/media\/846"}],"wp:attachment":[{"href":"https:\/\/socobeachvolleytenerife.com\/en\/wp-json\/wp\/v2\/media?parent=835"}],"wp:term":[{"taxonomy":"difl_page_category","embeddable":true,"href":"https:\/\/socobeachvolleytenerife.com\/en\/wp-json\/wp\/v2\/difl_page_category?post=835"}],"curies":[{"name":"wp","href":"https:\/\/api.w.org\/{rel}","templated":true}]}}