{"id":41,"date":"2024-03-18T01:57:05","date_gmt":"2024-03-18T01:57:05","guid":{"rendered":"https:\/\/staging.socobeachvolleytenerife.com\/?page_id=41"},"modified":"2025-02-26T16:55:03","modified_gmt":"2025-02-26T16:55:03","slug":"timetables-and-fares","status":"publish","type":"page","link":"https:\/\/socobeachvolleytenerife.com\/en\/timetables-and-fares\/","title":{"rendered":"Timetables and prices"},"content":{"rendered":"<p>[et_pb_section fb_built=\u00bb1&#8243; _builder_version=\u00bb4.24.2&#8243; _module_preset=\u00bbdefault\u00bb global_colors_info=\u00bb{}\u00bb][et_pb_row _builder_version=\u00bb4.24.2&#8243; _module_preset=\u00bbdefault\u00bb global_colors_info=\u00bb{}\u00bb][et_pb_column type=\u00bb4_4&#8243; _builder_version=\u00bb4.24.2&#8243; _module_preset=\u00bbdefault\u00bb hover_enabled=\u00bb0&#8243; global_colors_info=\u00bb{}\u00bb sticky_enabled=\u00bb0&#8243;][et_pb_text _builder_version=\u00bb4.27.0&#8243; _module_preset=\u00bbdefault\u00bb hover_enabled=\u00bb0&#8243; global_colors_info=\u00bb{}\u00bb sticky_enabled=\u00bb0&#8243;]<\/p>\n<h1 style=\"text-align: center;\">HORARIOS Y TARIFAS<\/h1>\n<h1 style=\"text-align: center;\">TEMPORADA 2025<\/h1>\n<p>[\/et_pb_text][et_pb_text _builder_version=\u00bb4.27.0&#8243; _module_preset=\u00bbdefault\u00bb hover_enabled=\u00bb0&#8243; global_colors_info=\u00bb{}\u00bb sticky_enabled=\u00bb0&#8243;]<\/p>\n<p style=\"text-align: justify;\">\u00a1Prep\u00e1rate para sumergirte en la arena y el sol con nuestra temporada 2025 de entrenamiento de voley playa en Tenerife! Nuestro programa est\u00e1 dise\u00f1ado para todos, desde aquellos que nunca han jugado hasta los que est\u00e1n buscando competir en torneos locales. Ofrecemos una experiencia completa que no solo mejora tus habilidades en voley playa, sino que tambi\u00e9n fomenta el compa\u00f1erismo y el amor por este emocionante deporte. Con categor\u00edas de iniciaci\u00f3n, intermedio, avanzado, y senior femenino, este es el lugar perfecto para desarrollarte, competir y, sobre todo, disfrutar del juego.<\/p>\n<p>[\/et_pb_text][et_pb_text _builder_version=\u00bb4.24.2&#8243; _module_preset=\u00bbdefault\u00bb global_colors_info=\u00bb{}\u00bb]<\/p>\n<h3 data-sourcepos=\"5:1-5:278\" style=\"text-align: justify;\">&#8211; NIVEL INICIACI\u00d3N<\/h3>\n<p data-sourcepos=\"5:1-5:278\" style=\"text-align: justify;\">\u00bfQuieres aprender a jugar al voleibol playa y divertirte en la arena? Este nivel es perfecto para ti, no importa si no tienes experiencia previa. Te ense\u00f1aremos las reglas b\u00e1sicas del juego, las t\u00e9cnicas de recepci\u00f3n, colocaci\u00f3n y remate, y la importancia del trabajo en equipo.<\/p>\n<p data-sourcepos=\"7:1-7:126\" style=\"text-align: justify;\"><strong>Objetivo:<\/strong> Aprender los fundamentos del voleibol playa, mejorar la coordinaci\u00f3n y el trabajo en equipo, divertirse jugando.<\/p>\n<p>[\/et_pb_text][et_pb_text _builder_version=\u00bb4.24.2&#8243; _module_preset=\u00bbdefault\u00bb global_colors_info=\u00bb{}\u00bb]<\/p>\n<h3 data-sourcepos=\"11:1-11:221\" style=\"text-align: justify;\">&#8211; NIVEL INTERMEDIO<\/h3>\n<p data-sourcepos=\"11:1-11:221\" style=\"text-align: justify;\">\u00bfYa tienes algunas bases del voleibol playa y quieres mejorar tu t\u00e9cnica y tu juego? En este nivel te ayudaremos a perfeccionar tus habilidades, aprender estrategias de juego y prepararte para competir en torneos locales.<\/p>\n<p data-sourcepos=\"13:1-13:104\" style=\"text-align: justify;\"><strong>Objetivo:<\/strong> Mejorar la t\u00e9cnica individual, aprender estrategias de juego, competir en torneos locales.<\/p>\n<p>[\/et_pb_text][et_pb_text _builder_version=\u00bb4.24.2&#8243; _module_preset=\u00bbdefault\u00bb global_colors_info=\u00bb{}\u00bb]<\/p>\n<h3 style=\"text-align: justify;\">&#8211; NIVEL AVANZADO<\/h3>\n<p data-sourcepos=\"19:1-19:271\" style=\"text-align: justify;\">\u00bfEres un jugador experimentado que busca seguir mejorando tu t\u00e9cnica y juego sin llegar a la alta competici\u00f3n? Este nivel te ofrece un entrenamiento exigente, perfeccionamiento de estrategias de juego para que puedas seguir disfrutando del voleibol playa a un alto nivel.<\/p>\n<p data-sourcepos=\"21:1-21:155\" style=\"text-align: justify;\"><strong>Objetivo:<\/strong> Perfeccionar la t\u00e9cnica individual y las estrategias de juego, disfrutar del voleibol playa a un alto nivel sin llegar a la alta competici\u00f3n.<\/p>\n<p>[\/et_pb_text][et_pb_text _builder_version=\u00bb4.24.2&#8243; _module_preset=\u00bbdefault\u00bb global_colors_info=\u00bb{}\u00bb]<\/p>\n<p>Ofrecemos una tarifa de <strong>40\u20ac<\/strong> para dos entrenamientos semanales m\u00e1s un d\u00eda de partidos. Para aquellos que prefieran una mayor flexibilidad, tambi\u00e9n ofrecemos sesiones sueltas a 10\u20ac cada una.<\/p>\n<p>[\/et_pb_text][dvmd_table_maker tbl_responsive_breakpoint=\u00bbnone\u00bb tbl_scrolling_active=\u00bbon\u00bb tbl_frame_type=\u00bblines\u00bb tbl_stripes_active=\u00bbon\u00bb tbl_chead_cell_color=\u00bb#0ebbf9&#8243; tbl_rhead_cell_color=\u00bb#0ebbf9&#8243; _builder_version=\u00bb4.27.0&#8243; _module_preset=\u00bbdefault\u00bb tbl_tcell_text_font=\u00bb|600|||||||\u00bb tbl_tcell_text_font_size=\u00bb14px\u00bb width=\u00bb100%\u00bb min_height=\u00bb339.6px\u00bb custom_padding=\u00bb||0px|||\u00bb hover_enabled=\u00bb0&#8243; global_colors_info=\u00bb{}\u00bb sticky_enabled=\u00bb0&#8243;][dvmd_table_maker_item col_content=\u00bb<br \/>\n9H &#8211; 10:30H<br \/>\n10:30H &#8211; 12H<br \/>\n12H &#8211; 13:30H<br \/>\n16:45H &#8211; 18:15H<br \/>\n18:30H &#8211; 20H\u00bb col_tcell_cell_align_horz=\u00bbcenter\u00bb col_tcell_cell_align_vert=\u00bbcenter\u00bb _builder_version=\u00bb4.24.2&#8243; _module_preset=\u00bbdefault\u00bb global_colors_info=\u00bb{}\u00bb][\/dvmd_table_maker_item][dvmd_table_maker_item col_label=\u00bbLunes\u00bb col_content=\u00bbLUNES<\/p>\n<p>INTERMEDIO<br \/>\nINTERMEDIO\u00bb col_tcell_cell_align_horz=\u00bbcenter\u00bb col_tcell_cell_align_vert=\u00bbcenter\u00bb _builder_version=\u00bb4.27.0&#8243; _module_preset=\u00bbdefault\u00bb hover_enabled=\u00bb0&#8243; global_colors_info=\u00bb{}\u00bb sticky_enabled=\u00bb0&#8243;][\/dvmd_table_maker_item][dvmd_table_maker_item col_label=\u00bbMartes\u00bb col_content=\u00bbMARTES<br \/>\nINICIACI\u00d3N<br \/>\nINTERMEDIO<\/p>\n<p>AVANZADO<br \/>\nINICIACI\u00d3N\u00bb col_tcell_cell_align_horz=\u00bbcenter\u00bb col_tcell_cell_align_vert=\u00bbcenter\u00bb _builder_version=\u00bb4.24.2&#8243; _module_preset=\u00bbdefault\u00bb global_colors_info=\u00bb{}\u00bb][\/dvmd_table_maker_item][dvmd_table_maker_item col_label=\u00bbMi\u00e9rcoles\u00bb col_content=\u00bbMI\u00c9RCOLES<\/p>\n<p>INTERMEDIO<br \/>\nINTERMEDIO\u00bb col_tcell_cell_align_horz=\u00bbcenter\u00bb col_tcell_cell_align_vert=\u00bbcenter\u00bb _builder_version=\u00bb4.27.0&#8243; _module_preset=\u00bbdefault\u00bb hover_enabled=\u00bb0&#8243; global_colors_info=\u00bb{}\u00bb sticky_enabled=\u00bb0&#8243;][\/dvmd_table_maker_item][dvmd_table_maker_item col_label=\u00bbJueves\u00bb col_content=\u00bbJUEVES<br \/>\nINICIACI\u00d3N<br \/>\nINTERMEDIO<\/p>\n<p>AVANZADO<br \/>\nINICIACI\u00d3N\u00bb col_tcell_cell_align_horz=\u00bbcenter\u00bb col_tcell_cell_align_vert=\u00bbcenter\u00bb _builder_version=\u00bb4.24.2&#8243; _module_preset=\u00bbdefault\u00bb global_colors_info=\u00bb{}\u00bb][\/dvmd_table_maker_item][dvmd_table_maker_item col_label=\u00bbViernes\u00bb col_content=\u00bbVIERNES<br \/>\nPARTIDOS<br \/>\nPARTIDOS<\/p>\n<p>PARTIDOS<br \/>\nPARTIDOS\u00bb col_tcell_cell_align_horz=\u00bbcenter\u00bb col_tcell_cell_align_vert=\u00bbcenter\u00bb _builder_version=\u00bb4.24.2&#8243; _module_preset=\u00bbdefault\u00bb global_colors_info=\u00bb{}\u00bb][\/dvmd_table_maker_item][\/dvmd_table_maker][et_pb_text _builder_version=\u00bb4.24.2&#8243; _module_preset=\u00bbdefault\u00bb global_colors_info=\u00bb{}\u00bb]<\/p>\n<p data-sourcepos=\"48:1-48:9\"><strong>Nota:<\/strong><\/p>\n<ul data-sourcepos=\"50:1-52:0\">\n<li data-sourcepos=\"50:1-50:101\"><strong>Los horarios son orientativos y pueden variar en funci\u00f3n de la disponibilidad de las instalaciones.<\/strong><\/li>\n<li data-sourcepos=\"51:1-52:0\"><strong>Para m\u00e1s informaci\u00f3n, contacta con nosotros en nuestra p\u00e1gina de contacto o al tel\u00e9fono +34682539653<br \/><\/strong><\/li>\n<\/ul>\n<p data-sourcepos=\"53:1-53:215\">\n<p>[\/et_pb_text][\/et_pb_column][\/et_pb_row][et_pb_row _builder_version=\u00bb4.25.2&#8243; _module_preset=\u00bbdefault\u00bb global_colors_info=\u00bb{}\u00bb][et_pb_column type=\u00bb4_4&#8243; _builder_version=\u00bb4.25.2&#8243; _module_preset=\u00bbdefault\u00bb global_colors_info=\u00bb{}\u00bb][et_pb_text _builder_version=\u00bb4.25.2&#8243; _module_preset=\u00bbdefault\u00bb global_colors_info=\u00bb{}\u00bb]<\/p>\n<h2 style=\"text-align: center;\">\u00bfQuieres probar un entreno?<\/h2>\n<h4 style=\"text-align: center;\">Tenemos el Day Pass, donde podr\u00e1s elegir horario y d\u00eda para entrenar con nosotros y as\u00ed mejorar tus habilidades en el voley playa.<\/h4>\n<p>[\/et_pb_text][et_pb_code _builder_version=\u00bb4.25.2&#8243; _module_preset=\u00bbdefault\u00bb global_colors_info=\u00bb{}\u00bb]<\/p>\n<div class=\"ecsp ecsp-SingleProduct-v2 ecsp-SingleProduct-v2-bordered ecsp-SingleProduct-v2-centered ecsp-Product ec-Product-688201710\" itemscope itemtype=\"http:\/\/schema.org\/Product\" data-single-product-id=\"688201710\">\n<div itemprop=\"image\"><\/div>\n<div class=\"ecsp-title\" itemprop=\"name\" content=\"Soco Volley Beach Day Pass\"><\/div>\n<div itemtype=\"http:\/\/schema.org\/Offer\" itemscope itemprop=\"offers\">\n<div class=\"ecsp-productBrowser-price ecsp-price\" itemprop=\"price\" content=\"10\" data-spw-price-location=\"button\">\n<div itemprop=\"priceCurrency\" content=\"EUR\"><\/div>\n<\/div>\n<\/div>\n<div customprop=\"options\"><\/div>\n<div customprop=\"qty\"><\/div>\n<div customprop=\"addtobag\"><\/div>\n<div customprop=\"vatinprice\"><\/div>\n<\/div>\n<p><script data-cfasync=\"false\" type=\"text\/javascript\" src=\"https:\/\/app.ecwid.com\/script.js?100485770&#038;data_platform=singleproduct_v2\" charset=\"utf-8\"><\/script><script type=\"text\/javascript\">xProduct()<\/script>[\/et_pb_code][\/et_pb_column][\/et_pb_row][et_pb_row _builder_version=\u00bb4.25.2&#8243; _module_preset=\u00bbdefault\u00bb global_colors_info=\u00bb{}\u00bb][et_pb_column type=\u00bb4_4&#8243; _builder_version=\u00bb4.25.2&#8243; _module_preset=\u00bbdefault\u00bb global_colors_info=\u00bb{}\u00bb][et_pb_image src=\u00bbhttps:\/\/socobeachvolleytenerife.com\/wp-content\/uploads\/2024\/03\/LOGO-DEPORTES-PUERTO.jpg\u00bb title_text=\u00bbLOGO DEPORTES PUERTO\u00bb align=\u00bbcenter\u00bb _builder_version=\u00bb4.24.2&#8243; _module_preset=\u00bbdefault\u00bb max_width=\u00bb38%\u00bb max_width_tablet=\u00bb38%\u00bb max_width_phone=\u00bb38%\u00bb max_width_last_edited=\u00bbon|phone\u00bb global_colors_info=\u00bb{}\u00bb][\/et_pb_image][\/et_pb_column][\/et_pb_row][\/et_pb_section]<\/p>\n","protected":false},"excerpt":{"rendered":"<p>HORARIOS Y TARIFAS TEMPORADA 2025\u00a1Prep\u00e1rate para sumergirte en la arena y el sol con nuestra temporada 2025 de entrenamiento de voley playa en Tenerife! Nuestro programa est\u00e1 dise\u00f1ado para todos, desde aquellos que nunca han jugado hasta los que est\u00e1n buscando competir en torneos locales. Ofrecemos una experiencia completa que no solo mejora tus habilidades [&hellip;]<\/p>\n","protected":false},"author":1,"featured_media":0,"parent":0,"menu_order":0,"comment_status":"closed","ping_status":"closed","template":"","meta":{"_et_pb_use_builder":"on","_et_pb_old_content":"","_et_gb_content_width":"","footnotes":""},"difl_page_category":[],"class_list":["post-41","page","type-page","status-publish","hentry"],"_links":{"self":[{"href":"https:\/\/socobeachvolleytenerife.com\/en\/wp-json\/wp\/v2\/pages\/41","targetHints":{"allow":["GET"]}}],"collection":[{"href":"https:\/\/socobeachvolleytenerife.com\/en\/wp-json\/wp\/v2\/pages"}],"about":[{"href":"https:\/\/socobeachvolleytenerife.com\/en\/wp-json\/wp\/v2\/types\/page"}],"author":[{"embeddable":true,"href":"https:\/\/socobeachvolleytenerife.com\/en\/wp-json\/wp\/v2\/users\/1"}],"replies":[{"embeddable":true,"href":"https:\/\/socobeachvolleytenerife.com\/en\/wp-json\/wp\/v2\/comments?post=41"}],"version-history":[{"count":9,"href":"https:\/\/socobeachvolleytenerife.com\/en\/wp-json\/wp\/v2\/pages\/41\/revisions"}],"predecessor-version":[{"id":1421,"href":"https:\/\/socobeachvolleytenerife.com\/en\/wp-json\/wp\/v2\/pages\/41\/revisions\/1421"}],"wp:attachment":[{"href":"https:\/\/socobeachvolleytenerife.com\/en\/wp-json\/wp\/v2\/media?parent=41"}],"wp:term":[{"taxonomy":"difl_page_category","embeddable":true,"href":"https:\/\/socobeachvolleytenerife.com\/en\/wp-json\/wp\/v2\/difl_page_category?post=41"}],"curies":[{"name":"wp","href":"https:\/\/api.w.org\/{rel}","templated":true}]}}