{"id":37,"date":"2024-03-18T01:55:46","date_gmt":"2024-03-18T01:55:46","guid":{"rendered":"https:\/\/staging.socobeachvolleytenerife.com\/?page_id=37"},"modified":"2024-06-25T12:03:22","modified_gmt":"2024-06-25T12:03:22","slug":"soco-league","status":"publish","type":"page","link":"https:\/\/socobeachvolleytenerife.com\/en\/soco-league\/","title":{"rendered":"Soco League"},"content":{"rendered":"<p>[et_pb_section fb_built=\u00bb1&#8243; _builder_version=\u00bb4.24.2&#8243; _module_preset=\u00bbdefault\u00bb global_colors_info=\u00bb{}\u00bb][et_pb_row _builder_version=\u00bb4.24.2&#8243; _module_preset=\u00bbdefault\u00bb custom_margin=\u00bb-37px||||false|false\u00bb custom_margin_tablet=\u00bb-37px||||false|false\u00bb custom_margin_phone=\u00bb-40px||||false|false\u00bb custom_margin_last_edited=\u00bbon|phone\u00bb global_colors_info=\u00bb{}\u00bb][et_pb_column type=\u00bb4_4&#8243; _builder_version=\u00bb4.24.2&#8243; _module_preset=\u00bbdefault\u00bb global_colors_info=\u00bb{}\u00bb][et_pb_image src=\u00bbhttps:\/\/socobeachvolleytenerife.com\/wp-content\/uploads\/2024\/03\/Logo-soco-league-24.jpeg\u00bb alt=\u00bbLogo Soco League 2024&#8243; title_text=\u00bbLogo-soco-league-24&#8243; src_tablet=\u00bbhttps:\/\/socobeachvolleytenerife.com\/wp-content\/uploads\/2024\/03\/Logo-soco-league-24.jpeg\u00bb src_phone=\u00bbhttps:\/\/socobeachvolleytenerife.com\/wp-content\/uploads\/2024\/03\/Logo-soco-league-24.jpeg\u00bb src_last_edited=\u00bbon|phone\u00bb _builder_version=\u00bb4.24.2&#8243; _module_preset=\u00bbdefault\u00bb width=\u00bb52%\u00bb width_tablet=\u00bb52%\u00bb width_phone=\u00bb100%\u00bb width_last_edited=\u00bbon|desktop\u00bb module_alignment=\u00bbcenter\u00bb global_colors_info=\u00bb{}\u00bb][\/et_pb_image][et_pb_text _builder_version=\u00bb4.25.2&#8243; _module_preset=\u00bbdefault\u00bb hover_enabled=\u00bb0&#8243; global_colors_info=\u00bb{}\u00bb sticky_enabled=\u00bb0&#8243;]<\/p>\n<h4 style=\"text-align: center;\"><a href=\"https:\/\/socobeachvolleytenerife.com\/final-soco-league-2024\/\"><strong><span style=\"text-decoration: underline;\"><strong>FINAL 30 JUNIO<\/strong><\/span><\/strong><\/a><\/h4>\n<p>[\/et_pb_text][et_pb_text _builder_version=\u00bb4.25.2&#8243; _module_preset=\u00bbdefault\u00bb hover_enabled=\u00bb0&#8243; global_colors_info=\u00bb{}\u00bb sticky_enabled=\u00bb0&#8243;]<\/p>\n<h4 style=\"text-align: center;\"><a href=\"https:\/\/socobeachvolleytenerife.com\/clasificacion-soco-league-24\/\"><strong><span style=\"text-decoration: underline;\">CLASIFICACI\u00d3N <\/span><\/strong><strong><span style=\"text-decoration: underline;\">FINAL LIGA<\/span><\/strong><\/a><\/h4>\n<p>[\/et_pb_text][et_pb_text _builder_version=\u00bb4.24.2&#8243; _module_preset=\u00bbdefault\u00bb global_colors_info=\u00bb{}\u00bb]<\/p>\n<h2 style=\"text-align: center;\">\u00a1La liga de voley playa m\u00e1s emocionante de Tenerife est\u00e1 de vuelta!<\/h2>\n<h2 style=\"text-align: center;\">Ap\u00fantate y disfruta de una competici\u00f3n divertida y competitiva.<\/h2>\n<h2 style=\"text-align: center;\">Categor\u00edas masculina y femenina.<\/h2>\n<h2 style=\"text-align: center;\">\u00a1No te lo pierdas!<\/h2>\n<p>[\/et_pb_text][\/et_pb_column][\/et_pb_row][et_pb_row column_structure=\u00bb1_4,1_2,1_4&#8243; _builder_version=\u00bb4.24.2&#8243; _module_preset=\u00bbdefault\u00bb global_colors_info=\u00bb{}\u00bb][et_pb_column type=\u00bb1_4&#8243; _builder_version=\u00bb4.24.2&#8243; _module_preset=\u00bbdefault\u00bb global_colors_info=\u00bb{}\u00bb][et_pb_image src=\u00bbhttps:\/\/socobeachvolleytenerife.com\/wp-content\/uploads\/2024\/03\/image00004-1.jpeg\u00bb title_text=\u00bbimage00004&#8243; align=\u00bbcenter\u00bb _builder_version=\u00bb4.24.2&#8243; _module_preset=\u00bbdefault\u00bb global_colors_info=\u00bb{}\u00bb][\/et_pb_image][et_pb_image src=\u00bbhttps:\/\/socobeachvolleytenerife.com\/wp-content\/uploads\/2024\/03\/image00014-1.jpeg\u00bb title_text=\u00bbimage00014&#8243; _builder_version=\u00bb4.24.2&#8243; _module_preset=\u00bbdefault\u00bb global_colors_info=\u00bb{}\u00bb][\/et_pb_image][\/et_pb_column][et_pb_column type=\u00bb1_2&#8243; _builder_version=\u00bb4.24.2&#8243; _module_preset=\u00bbdefault\u00bb global_colors_info=\u00bb{}\u00bb][et_pb_text _builder_version=\u00bb4.24.2&#8243; _module_preset=\u00bbdefault\u00bb global_colors_info=\u00bb{}\u00bb]<\/p>\n<ul>\n<li data-sourcepos=\"14:1-14:114\">Presentamos la SOCO LEAGUE 2024, la liga de voley playa m\u00e1s apasionante de Tenerife.<\/li>\n<li data-sourcepos=\"15:1-15:108\">Este a\u00f1o, la liga vuelve con m\u00e1s fuerza que nunca, con nuevas categor\u00edas y un formato a\u00fan m\u00e1s competitivo.<\/li>\n<li data-sourcepos=\"16:1-17:0\">Tanto si eres un jugador experimentado como si est\u00e1s empezando, la SOCO LEAGUE es el lugar perfecto para disfrutar del voley playa y hacer nuevos amigos.<\/li>\n<\/ul>\n<p>[\/et_pb_text][et_pb_image src=\u00bbhttps:\/\/socobeachvolleytenerife.com\/wp-content\/uploads\/2024\/03\/image00003-1.jpeg\u00bb title_text=\u00bbimage00003&#8243; align=\u00bbcenter\u00bb _builder_version=\u00bb4.24.2&#8243; _module_preset=\u00bbdefault\u00bb global_colors_info=\u00bb{}\u00bb][\/et_pb_image][\/et_pb_column][et_pb_column type=\u00bb1_4&#8243; _builder_version=\u00bb4.24.2&#8243; _module_preset=\u00bbdefault\u00bb global_colors_info=\u00bb{}\u00bb][et_pb_image src=\u00bbhttps:\/\/socobeachvolleytenerife.com\/wp-content\/uploads\/2024\/03\/image00006-1.jpeg\u00bb title_text=\u00bbimage00006&#8243; align=\u00bbcenter\u00bb _builder_version=\u00bb4.24.2&#8243; _module_preset=\u00bbdefault\u00bb global_colors_info=\u00bb{}\u00bb][\/et_pb_image][et_pb_image src=\u00bbhttps:\/\/socobeachvolleytenerife.com\/wp-content\/uploads\/2024\/03\/image00011.jpeg\u00bb title_text=\u00bbimage00011&#8243; align=\u00bbcenter\u00bb _builder_version=\u00bb4.24.2&#8243; _module_preset=\u00bbdefault\u00bb global_colors_info=\u00bb{}\u00bb][\/et_pb_image][\/et_pb_column][\/et_pb_row][et_pb_row _builder_version=\u00bb4.24.2&#8243; _module_preset=\u00bbdefault\u00bb global_colors_info=\u00bb{}\u00bb][et_pb_column type=\u00bb4_4&#8243; _builder_version=\u00bb4.24.2&#8243; _module_preset=\u00bbdefault\u00bb global_colors_info=\u00bb{}\u00bb][et_pb_text _builder_version=\u00bb4.24.2&#8243; _module_preset=\u00bbdefault\u00bb global_colors_info=\u00bb{}\u00bb]<\/p>\n<h3><span style=\"font-weight: 400;\">MODALIDADES Y CATEGOR\u00cdAS<\/span><\/h3>\n<p><span style=\"font-weight: 400;\">\u00a0&#8211; 2&#215;2 Femenino y Masculino<\/span><\/p>\n<p><span style=\"font-weight: 400;\">\u00a0&#8211; La liga es individual con lo cual no necesitas pareja<\/span><\/p>\n<h3><span style=\"font-weight: 400;\">INSCRIPCIONES<\/span><\/h3>\n<p><span style=\"font-weight: 400;\">\u00a0&#8211; Para participar en la liga cada jugador\/a deber\u00e1 estar debidamente registrado con sus datos mediante el enlace en la web\u00a0<\/span><span style=\"font-weight: 400;\">www.socobeachvolleytenerife.com en el apartado SOCO LEAGUE.<\/span><\/p>\n<p><span style=\"font-weight: 400;\">\u00a0&#8211; El plazo de inscripci\u00f3n ser\u00e1 de lunes 9h a jueves 20h la misma semana de cada jornada.<\/span><\/p>\n<p><span style=\"font-weight: 400;\">\u00a0&#8211; Es obligatorio inscribirse y no se aceptaran inscripciones fuera de los plazos establecidos.<\/span><\/p>\n<p><span style=\"font-weight: 400;\">\u00a0&#8211; Con la inscripci\u00f3n se incluye un seguro de accidentes o lesiones. <br \/><\/span><\/p>\n<p><span style=\"font-weight: 400;\">\u00a0&#8211; Es <span style=\"color: #e02b20;\"><strong>OBLIGATORIO<\/strong><\/span> jugar con camiseta o top oficial de la liga.<\/span><\/p>\n<p><span style=\"font-weight: 400;\">\u00a0&#8211; El precio de camiseta o top es de 15\u20ac<\/span><\/p>\n<h3><span style=\"font-weight: 400;\">PRECIO POR JORNADA<\/span><\/h3>\n<p><span style=\"font-weight: 400;\">\u00a0&#8211; Socios Club Soco 5\u20ac<\/span><\/p>\n<p><span style=\"font-weight: 400;\">\u00a0&#8211; No socios 8\u20ac<\/span><\/p>\n<h3><span style=\"font-weight: 400;\">SISTEMA DE GRUPOS<\/span><\/h3>\n<p><span style=\"font-weight: 400;\">\u00a0&#8211; Cada grupo estar\u00e1 formado por 4 jugadores\/as.<\/span><\/p>\n<p><span style=\"font-weight: 400;\">\u00a0&#8211; La primera jornada los grupos estar\u00e1n configurados seg\u00fan ranking SOCO LEAGUE 2023<\/span><\/p>\n<p><span style=\"font-weight: 400;\">\u00a0&#8211; Las jornadas siguientes los grupos estar\u00e1n configurados seg\u00fan ranking de la jornada anterior.<\/span><\/p>\n<p><span style=\"font-weight: 400;\">\u00a0&#8211; Cada jornada que un jugador\/a no juegue, se le restar\u00e1 1 punto de la clasificaci\u00f3n.<\/span><\/p>\n<p><span style=\"font-weight: 400;\">\u00a0&#8211; Jugadores\/as nuevos quedar\u00e1n configurados en cada grupo seg\u00fan orden de inscripci\u00f3n.<\/span><\/p>\n<p><span style=\"font-weight: 400;\">\u00a0&#8211; Al final de cada jornada se publicar\u00e1n los resultados y clasificaciones en la web.<\/span><\/p>\n<p><span style=\"font-weight: 400;\">\u00a0&#8211; Cada jornada dar\u00e1 comienzo a las 9h alternando categor\u00edas, con lo que si en la jornada 1 empieza la cat.masculina, ser\u00e1 la femenina quien empezar\u00e1 en la siguiente jornada.<\/span><\/p>\n<p><span style=\"font-weight: 400;\">\u00a0&#8211; Los participantes jugar\u00e1n cada jornada 3 sets de 21 puntos, 1 set con cada uno de los componentes del grupo.<\/span><\/p>\n<p><span style=\"font-weight: 400;\">\u00a0&#8211; Cada set estar\u00e1 limitado a 21 puntos.<\/span><\/p>\n<p><span style=\"font-weight: 400;\">\u00a0&#8211; El orden de los partidos ser\u00e1 siempre el siguiente:<\/span><\/p>\n<p><span style=\"font-weight: 400;\">\u00a0\u00a0\u00a01-4 vs 2-3\u00a0 \/\u00a0 1-3 vs 2-4\u00a0 \/ 1-2 vs 3-4<\/span><\/p>\n<p><span style=\"font-weight: 400;\">\u00a0&#8211; El jugador n\u00ba1 de cada grupo deber\u00e1 comunicar a la organizaci\u00f3n el resultado a la finalizaci\u00f3n de cada partido.<\/span><\/p>\n<h3><span style=\"font-weight: 400;\">SISTEMA DE PUNTUACI\u00d3N<\/span><\/h3>\n<p><span style=\"font-weight: 400;\">\u00a0&#8211; Los puntos b\u00e1sicos se distribuyen en cada torneo seg\u00fan la tabla de puntos adjunta ligada al n\u00famero de participantes, por tanto, la distribuci\u00f3n de puntos b\u00e1sicos se realiza en funci\u00f3n de la posici\u00f3n del jugador en su grupo.\u00a0<\/span><\/p>\n<p><span style=\"font-weight: 400;\">\u00a0\u00a0&#8211; Si hay jugadores clasificados en el mismo lugar en su grupo, dichos jugadores recibir\u00e1n la misma cantidad de puntos b\u00e1sicos. Por ejemplo, cuando dos jugadores terminan segundos en el primer grupo, ambos obtienen puntos b\u00e1sicos 20,1 es decir, igual al promedio de los puntos b\u00e1sicos aportados por los lugares segundo y tercero del primer grupo.<\/span><span style=\"font-weight: 400;\"><\/span><\/p>\n<p><span style=\"font-weight: 400;\">\u00a0&#8211; Adem\u00e1s de los puntos b\u00e1sicos, se tienen en cuenta los puntos de clasificaci\u00f3n otorgados a cada jugador de la competici\u00f3n.<\/span><\/p>\n<p><span style=\"font-weight: 400;\">El llamado factor m\u00e1s-menos. El factor m\u00e1s-menos se calcula para los jugadores y la suma de la columna de resultados del partido se multiplica por un factor de 0,05 y dicho resultado se suma a los puntos b\u00e1sicos del jugador.<\/span><\/p>\n<p><span style=\"font-weight: 400;\">Tengan en cuenta que la suma tambi\u00e9n puede ser negativa, en cuyo caso el efecto es reducir los puntos b\u00e1sicos.<\/span><span style=\"font-weight: 400;\"><\/span><\/p>\n<p><span style=\"font-weight: 400;\">\u00a0&#8211; Mantener y calcular la situaci\u00f3n del ranking.<\/span><\/p>\n<p><span style=\"font-weight: 400;\">\u00a0\u00a0\u00a0La situaci\u00f3n de la clasificaci\u00f3n se basa en los puntos totales calculados para los jugadores. Primero, segundo y tercero.<\/span><\/p>\n<p><span style=\"font-weight: 400;\">\u00a0\u00a0\u00a0Despu\u00e9s de la competici\u00f3n, solo el anotador m\u00e1s reciente se incluye en el total de puntos de cada jugador.<\/span><\/p>\n<p>[\/et_pb_text][et_pb_text _builder_version=\u00bb4.24.2&#8243; _module_preset=\u00bbdefault\u00bb text_font=\u00bb|700|||||||\u00bb text_font_size=\u00bb24px\u00bb global_colors_info=\u00bb{}\u00bb]<\/p>\n<p style=\"text-align: center;\">EJEMPLO TABLA DE GRUPOS<\/p>\n<p>[\/et_pb_text][dvmd_table_maker tbl_responsive_breakpoint=\u00bbnone\u00bb tbl_scrolling_active=\u00bbon\u00bb tbl_frame_type=\u00bblines\u00bb tbl_stripes_active=\u00bbon\u00bb tbl_chead_cell_color=\u00bb#0ebbf9&#8243; tbl_rhead_cell_color=\u00bb#0ebbf9&#8243; _builder_version=\u00bb4.24.2&#8243; _module_preset=\u00bbdefault\u00bb tbl_tcell_text_font=\u00bb|600|||||||\u00bb width=\u00bb100%\u00bb custom_padding=\u00bb||6px|||\u00bb global_colors_info=\u00bb{}\u00bb][dvmd_table_maker_item col_content=\u00bbJUGADADORAS<br \/>\nSARA<br \/>\nLAURA<br \/>\nBRENDA<br \/>\nSOF\u00cdA\u00bb col_tcell_cell_align_horz=\u00bbcenter\u00bb col_tcell_cell_align_vert=\u00bbcenter\u00bb _builder_version=\u00bb4.24.2&#8243; _module_preset=\u00bbdefault\u00bb global_colors_info=\u00bb{}\u00bb][\/dvmd_table_maker_item][dvmd_table_maker_item col_content=\u00bbPARTIDO 1<br \/>\n13<br \/>\n-13<br \/>\n-13<br \/>\n13&#8243; col_tcell_cell_align_horz=\u00bbcenter\u00bb col_tcell_cell_align_vert=\u00bbcenter\u00bb _builder_version=\u00bb4.24.2&#8243; _module_preset=\u00bbdefault\u00bb global_colors_info=\u00bb{}\u00bb][\/dvmd_table_maker_item][dvmd_table_maker_item col_content=\u00bbPARTIDO 2<br \/>\n13<br \/>\n-13<br \/>\n13<br \/>\n-13&#8243; col_tcell_cell_align_horz=\u00bbcenter\u00bb col_tcell_cell_align_vert=\u00bbcenter\u00bb _builder_version=\u00bb4.24.2&#8243; _module_preset=\u00bbdefault\u00bb global_colors_info=\u00bb{}\u00bb][\/dvmd_table_maker_item][dvmd_table_maker_item col_content=\u00bbPARTIDO 3<br \/>\n11<br \/>\n11<br \/>\n-11<br \/>\n-11&#8243; col_tcell_cell_align_horz=\u00bbcenter\u00bb col_tcell_cell_align_vert=\u00bbcenter\u00bb _builder_version=\u00bb4.24.2&#8243; _module_preset=\u00bbdefault\u00bb global_colors_info=\u00bb{}\u00bb][\/dvmd_table_maker_item][dvmd_table_maker_item col_content=\u00bbTOTAL<br \/>\n35<br \/>\n-15<br \/>\n-11<br \/>\n-11&#8243; col_tcell_cell_align_horz=\u00bbcenter\u00bb col_tcell_cell_align_vert=\u00bbcenter\u00bb _builder_version=\u00bb4.24.2&#8243; _module_preset=\u00bbdefault\u00bb global_colors_info=\u00bb{}\u00bb][\/dvmd_table_maker_item][dvmd_table_maker_item col_content=\u00bbPOSICI\u00d3N<br \/>\n1<br \/>\n2<br \/>\n3<br \/>\n2&#8243; col_tcell_cell_align_horz=\u00bbcenter\u00bb col_tcell_cell_align_vert=\u00bbcenter\u00bb _builder_version=\u00bb4.24.2&#8243; _module_preset=\u00bbdefault\u00bb global_colors_info=\u00bb{}\u00bb][\/dvmd_table_maker_item][dvmd_table_maker_item col_content=\u00bbP. BASICOS<br \/>\n20,1<br \/>\n19,1<br \/>\n17,1<br \/>\n19,1&#8243; col_tcell_cell_align_horz=\u00bbcenter\u00bb col_tcell_cell_align_vert=\u00bbcenter\u00bb _builder_version=\u00bb4.24.2&#8243; _module_preset=\u00bbdefault\u00bb global_colors_info=\u00bb{}\u00bb][\/dvmd_table_maker_item][dvmd_table_maker_item col_content=\u00bb + \/ &#8211;<br \/>\n1,9<br \/>\n\u22120,8<br \/>\n\u22120,6<br \/>\n\u22120,6&#8243; col_tcell_cell_align_horz=\u00bbcenter\u00bb col_tcell_cell_align_vert=\u00bbcenter\u00bb _builder_version=\u00bb4.24.2&#8243; _module_preset=\u00bbdefault\u00bb global_colors_info=\u00bb{}\u00bb][\/dvmd_table_maker_item][dvmd_table_maker_item col_content=\u00bbRESULTADO<br \/>\n22<br \/>\n18,4<br \/>\n16,6<br \/>\n18,6&#8243; col_tcell_cell_align_horz=\u00bbcenter\u00bb col_tcell_cell_align_vert=\u00bbcenter\u00bb _builder_version=\u00bb4.24.2&#8243; _module_preset=\u00bbdefault\u00bb global_colors_info=\u00bb{}\u00bb][\/dvmd_table_maker_item][\/dvmd_table_maker][et_pb_text _builder_version=\u00bb4.24.2&#8243; _module_preset=\u00bbdefault\u00bb global_colors_info=\u00bb{}\u00bb]<\/p>\n<h3><span data-sheets-formula-bar-text-style=\"font-size:13px;color:#000000;font-weight:normal;text-decoration:none;font-family:'docs-Calibri';font-style:normal;text-decoration-skip-ink:none;\">JORNADAS<\/span><\/h3>\n<p><span data-sheets-formula-bar-text-style=\"font-size:13px;color:#000000;font-weight:normal;text-decoration:none;font-family:'docs-Calibri';font-style:normal;text-decoration-skip-ink:none;\"> &#8211; Se realizar\u00e1n un total de 7 jornadas y adem\u00e1s, la FINAL.<\/span><\/p>\n<p><span data-sheets-formula-bar-text-style=\"font-size:13px;color:#000000;font-weight:normal;text-decoration:none;font-family:'docs-Calibri';font-style:normal;text-decoration-skip-ink:none;\"> &#8211; A la final acceder\u00e1n los 16 primeros clasificados en ambas categor\u00edas, pasando del 1 al 8 a categor\u00eda oro y del 9 al 16 a categor\u00eda plata.<\/span><\/p>\n<p><span data-sheets-formula-bar-text-style=\"font-size:13px;color:#000000;font-weight:normal;text-decoration:none;font-family:'docs-Calibri';font-style:normal;text-decoration-skip-ink:none;\"> &#8211; Si un jugador\/a queda clasificado entre los 16 primeros, deber\u00e1 haber jugado un m\u00ednimo de 5 jornadas para poder acceder y jugar la FINAL.<br \/><\/span><\/p>\n<p>[\/et_pb_text][et_pb_text _builder_version=\u00bb4.24.2&#8243; _module_preset=\u00bbdefault\u00bb text_font=\u00bb|700|||||||\u00bb text_font_size=\u00bb24px\u00bb global_colors_info=\u00bb{}\u00bb]<\/p>\n<p style=\"text-align: center;\"><span data-sheets-formula-bar-text-style=\"font-size:16px;color:#000000;font-weight:normal;text-decoration:none;font-family:'docs-Calibri';font-style:normal;text-decoration-skip-ink:none;\">FECHAS DE LAS JORNADAS<\/span><\/p>\n<p>[\/et_pb_text][dvmd_table_maker tbl_column_header_count=\u00bb0&#8243; tbl_row_header_count=\u00bb0&#8243; tbl_responsive_breakpoint=\u00bbnone\u00bb tbl_scrolling_active=\u00bbon\u00bb tbl_stripes_active=\u00bbon\u00bb tbl_chead_cell_color=\u00bb#0ebbf9&#8243; tbl_rhead_cell_color=\u00bb#0ebbf9&#8243; _builder_version=\u00bb4.25.0&#8243; _module_preset=\u00bbdefault\u00bb tbl_tcell_text_font=\u00bb|600|||||||\u00bb width=\u00bb100%\u00bb custom_padding=\u00bb||6px|||\u00bb global_colors_info=\u00bb{}\u00bb][dvmd_table_maker_item col_content=\u00bbJORNADA 1<br \/>\nJORNADA 2<br \/>\nJORNADA 3<br \/>\nJORNADA 4<br \/>\nJORNADA 5<br \/>\nJORNADA 6<br \/>\nJORNADA 7<br \/>\nFINAL\t\u00bb col_button_text=\u00bbhttps:\/\/socobeachvolleytenerife.com\/jornada1-24\/\u00bb col_button_url=\u00bbhttps:\/\/socobeachvolleytenerife.com\/jornada1-24\/\u00bb col_button_target=\u00bb_self\u00bb col_tcell_cell_align_horz=\u00bbcenter\u00bb col_tcell_cell_align_vert=\u00bbcenter\u00bb _builder_version=\u00bb4.24.2&#8243; _module_preset=\u00bbdefault\u00bb global_colors_info=\u00bb{}\u00bb][\/dvmd_table_maker_item][dvmd_table_maker_item col_content=\u00bb24 DE MARZO<br \/>\n7 DE ABRIL<br \/>\n14 DE ABRIL<br \/>\n28 DE ABRIL<br \/>\n12 DE MAYO<br \/>\n26 DE MAYO<br \/>\n9 DE JUNIO<br \/>\n30 DE JUNIO\t\u00bb col_tcell_cell_align_horz=\u00bbcenter\u00bb col_tcell_cell_align_vert=\u00bbcenter\u00bb _builder_version=\u00bb4.25.0&#8243; _module_preset=\u00bbdefault\u00bb global_colors_info=\u00bb{}\u00bb][\/dvmd_table_maker_item][\/dvmd_table_maker][et_pb_text module_id=\u00bbinscripcion\u00bb _builder_version=\u00bb4.24.2&#8243; _module_preset=\u00bbdefault\u00bb text_font=\u00bb|700|||||||\u00bb text_font_size=\u00bb24px\u00bb global_colors_info=\u00bb{}\u00bb]<\/p>\n<p style=\"text-align: center;\"><span data-sheets-formula-bar-text-style=\"font-size:16px;color:#000000;font-weight:normal;text-decoration:none;font-family:'docs-Calibri';font-style:normal;text-decoration-skip-ink:none;\">INSCRIPCI\u00d3N<\/span><span data-sheets-formula-bar-text-style=\"font-size:16px;color:#000000;font-weight:normal;text-decoration:none;font-family:'docs-Calibri';font-style:normal;text-decoration-skip-ink:none;\"><\/span><\/p>\n<p>[\/et_pb_text][et_pb_text _builder_version=\u00bb4.24.2&#8243; _module_preset=\u00bbdefault\u00bb global_colors_info=\u00bb{}\u00bb]<\/p>\n<h4 style=\"text-align: center;\">(Recuerda que es <span style=\"color: #ff0000;\"><strong>OBLIGATORIO<\/strong><\/span> jugar el torneo con la camiseta o top oficial)<\/h4>\n<p style=\"text-align: center;\">Tienes dos opciones para inscribirte: El pack inscripci\u00f3n + indumentaria oficial del torneo si es tu primera vez, o s\u00f3lo inscripci\u00f3n si ya has participado en anteriores jornadas.<\/p>\n<p>[\/et_pb_text][\/et_pb_column][\/et_pb_row][et_pb_row column_structure=\u00bb1_2,1_2&#8243; _builder_version=\u00bb4.24.2&#8243; _module_preset=\u00bbdefault\u00bb global_colors_info=\u00bb{}\u00bb][et_pb_column type=\u00bb1_2&#8243; _builder_version=\u00bb4.24.2&#8243; _module_preset=\u00bbdefault\u00bb global_colors_info=\u00bb{}\u00bb][et_pb_code _builder_version=\u00bb4.24.2&#8243; _module_preset=\u00bbdefault\u00bb global_colors_info=\u00bb{}\u00bb]<\/p>\n<div class=\"ecsp ecsp-SingleProduct-v2 ecsp-SingleProduct-v2-bordered ecsp-SingleProduct-v2-centered ecsp-Product ec-Product-638077232\" itemscope itemtype=\"http:\/\/schema.org\/Product\" data-single-product-id=\"638077232\">\n<div itemprop=\"image\"><\/div>\n<div class=\"ecsp-title\" itemprop=\"name\" content=\"INSCRIPCI\u00d3N SOCO LEAGUE JORNADA 1\"><\/div>\n<div itemtype=\"http:\/\/schema.org\/Offer\" itemscope itemprop=\"offers\">\n<div class=\"ecsp-productBrowser-price ecsp-price\" itemprop=\"price\" content=\"0\" data-spw-price-location=\"button\">\n<div itemprop=\"priceCurrency\" content=\"EUR\"><\/div>\n<\/div>\n<\/div>\n<div customprop=\"options\"><\/div>\n<div customprop=\"addtobag\"><\/div>\n<div customprop=\"vatinprice\"><\/div>\n<\/div>\n<p><script data-cfasync=\"false\" type=\"text\/javascript\" src=\"https:\/\/app.ecwid.com\/script.js?100485770&#038;data_platform=singleproduct_v2\" charset=\"utf-8\"><\/script><script type=\"text\/javascript\">xProduct()<\/script>[\/et_pb_code][\/et_pb_column][et_pb_column type=\u00bb1_2&#8243; _builder_version=\u00bb4.24.2&#8243; _module_preset=\u00bbdefault\u00bb global_colors_info=\u00bb{}\u00bb][et_pb_code _builder_version=\u00bb4.24.2&#8243; _module_preset=\u00bbdefault\u00bb global_colors_info=\u00bb{}\u00bb]<\/p>\n<div class=\"ecsp ecsp-SingleProduct-v2 ecsp-SingleProduct-v2-bordered ecsp-SingleProduct-v2-centered ecsp-Product ec-Product-643809639\" itemscope itemtype=\"http:\/\/schema.org\/Product\" data-single-product-id=\"643809639\">\n<div itemprop=\"image\"><\/div>\n<div class=\"ecsp-title\" itemprop=\"name\" content=\"PACK INSCRIPCI\u00d3N JORNADA 2 + CAMISETA O TOP SOCO LEAGUE 2024\"><\/div>\n<div itemtype=\"http:\/\/schema.org\/Offer\" itemscope itemprop=\"offers\">\n<div class=\"ecsp-productBrowser-price ecsp-price\" itemprop=\"price\" content=\"0\" data-spw-price-location=\"button\">\n<div itemprop=\"priceCurrency\" content=\"EUR\"><\/div>\n<\/div>\n<\/div>\n<div customprop=\"options\"><\/div>\n<div customprop=\"addtobag\"><\/div>\n<div customprop=\"vatinprice\"><\/div>\n<\/div>\n<p><script data-cfasync=\"false\" type=\"text\/javascript\" src=\"https:\/\/app.ecwid.com\/script.js?100485770&#038;data_platform=singleproduct_v2\" charset=\"utf-8\"><\/script><script type=\"text\/javascript\">xProduct()<\/script>[\/et_pb_code][\/et_pb_column][\/et_pb_row][\/et_pb_section]<\/p>\n","protected":false},"excerpt":{"rendered":"<p>FINAL 30 JUNIOCLASIFICACI\u00d3N FINAL LIGA\u00a1La liga de voley playa m\u00e1s emocionante de Tenerife est\u00e1 de vuelta! Ap\u00fantate y disfruta de una competici\u00f3n divertida y competitiva. Categor\u00edas masculina y femenina. \u00a1No te lo pierdas! Presentamos la SOCO LEAGUE 2024, la liga de voley playa m\u00e1s apasionante de Tenerife. Este a\u00f1o, la liga vuelve con m\u00e1s fuerza [&hellip;]<\/p>\n","protected":false},"author":1,"featured_media":0,"parent":0,"menu_order":0,"comment_status":"closed","ping_status":"closed","template":"","meta":{"_et_pb_use_builder":"on","_et_pb_old_content":"","_et_gb_content_width":"","footnotes":""},"difl_page_category":[],"class_list":["post-37","page","type-page","status-publish","hentry"],"_links":{"self":[{"href":"https:\/\/socobeachvolleytenerife.com\/en\/wp-json\/wp\/v2\/pages\/37","targetHints":{"allow":["GET"]}}],"collection":[{"href":"https:\/\/socobeachvolleytenerife.com\/en\/wp-json\/wp\/v2\/pages"}],"about":[{"href":"https:\/\/socobeachvolleytenerife.com\/en\/wp-json\/wp\/v2\/types\/page"}],"author":[{"embeddable":true,"href":"https:\/\/socobeachvolleytenerife.com\/en\/wp-json\/wp\/v2\/users\/1"}],"replies":[{"embeddable":true,"href":"https:\/\/socobeachvolleytenerife.com\/en\/wp-json\/wp\/v2\/comments?post=37"}],"version-history":[{"count":52,"href":"https:\/\/socobeachvolleytenerife.com\/en\/wp-json\/wp\/v2\/pages\/37\/revisions"}],"predecessor-version":[{"id":653,"href":"https:\/\/socobeachvolleytenerife.com\/en\/wp-json\/wp\/v2\/pages\/37\/revisions\/653"}],"wp:attachment":[{"href":"https:\/\/socobeachvolleytenerife.com\/en\/wp-json\/wp\/v2\/media?parent=37"}],"wp:term":[{"taxonomy":"difl_page_category","embeddable":true,"href":"https:\/\/socobeachvolleytenerife.com\/en\/wp-json\/wp\/v2\/difl_page_category?post=37"}],"curies":[{"name":"wp","href":"https:\/\/api.w.org\/{rel}","templated":true}]}}